{"id":1490,"date":"2024-04-04T20:58:43","date_gmt":"2024-04-04T20:58:43","guid":{"rendered":"https:\/\/agon-101.com\/product\/beginner\/"},"modified":"2025-06-17T19:31:34","modified_gmt":"2025-06-17T19:31:34","slug":"beginner","status":"publish","type":"product","link":"https:\/\/agon-101.com\/fr\/produit\/beginner\/","title":{"rendered":"Beginner"},"content":{"rendered":"<h2>Bienvenu dans le Programme BEGINNER par AGON101\u00ae<\/h2>\n<p>Vous visez une transformation physique ou vous souhaitez simplement am\u00e9liorer votre condition g\u00e9n\u00e9rale ? Quel que soit votre objectif, nous avons con\u00e7u le plan parfait pour vous accompagner dans cette aventure. .Le programme BEGINNER d\u2019AGON101\u00ae est votre premier pas vers une nouvelle version de vous-m\u00eame, plus forte, plus saine et plus confiante.. L&rsquo;un des aspects les plus innovants de ce programme est son aptitude \u00e0 stimuler la s\u00e9cr\u00e9tion de dopamine, augmentant ainsi le plaisir et l&rsquo;engagement durant les s\u00e9ances. La comp\u00e9titivit\u00e9 saine encourag\u00e9e par les exercices \u00e0 deux en CONNECTIVE TRAINING cr\u00e9e une atmosph\u00e8re dynamique qui rend l&rsquo;entra\u00eenement non seulement plus efficace mais aussi extr\u00eamement gratifiant.<\/p>\n<h2>Con\u00e7u par les Experts<\/h2>\n<p>Ce programme unique a \u00e9t\u00e9 \u00e9labor\u00e9 par un professionnel de la pr\u00e9paration physique, sp\u00e9cialis\u00e9 dans le modelage du corps, l&rsquo;optimisation de la performance et la r\u00e9\u00e9ducation fonctionnelle. Fort de son exp\u00e9rience, il a soigneusement s\u00e9lectionn\u00e9 chaque exercice pour sculpter votre corps de mani\u00e8re \u00e9quilibr\u00e9e et harmonieuse.<\/p>\n<h2>Un Programme Complet<\/h2>\n<p>Le programme BEGINNER se concentre sur l&rsquo;ensemble du corps, avec une attention particuli\u00e8re port\u00e9e \u00e0 la construction d&rsquo;une base solide. Vous d\u00e9buterez avec des exercices fondamentaux qui renforceront votre Core (Sangle Abdominale), am\u00e9lioreront votre posture et augmenteront progressivement votre force et votre endurance. En progressant, les s\u00e9ances deviendront plus intenses et vari\u00e9es, pour continuer \u00e0 stimuler votre corps et \u00e9viter les plateaux.<\/p>\n<h2>CONNECT TO TRAIN &amp; TRAIN TO CONNECT : Rejoignez une Communaut\u00e9 Motiv\u00e9e<\/h2>\n<p>En vous lan\u00e7ant dans le CONNECTIVE TRAINING vous devenez partie prenante d&rsquo;une communaut\u00e9 dynamique de personnes qui partagent votre engagement envers l\u2019entra\u00eenement en duo. Cet environnement porteur offre motivation, exp\u00e9riences partag\u00e9es et la joie d&rsquo;atteindre des objectifs ensemble.<\/p>\n<h2>Adapt\u00e9 \u00e0 Tous<\/h2>\n<p>Que vous n&rsquo;ayez jamais mis les pieds dans une salle de sport ou que vous cherchiez \u00e0 reprendre l&rsquo;entra\u00eenement apr\u00e8s une pause, ce programme est con\u00e7u pour s&rsquo;adapter \u00e0 votre niveau. Les exercices sont expliqu\u00e9s avec simplicit\u00e9 et pr\u00e9cision, accompagn\u00e9s de conseils pour les ajuster \u00e0 votre niveau, assurant ainsi une progression s\u00fbre et efficace.<\/p>\n<h2>Respectueux de votre Sant\u00e9<\/h2>\n<p>Au c\u0153ur de notre d\u00e9marche, votre sant\u00e9 est notre priorit\u00e9. L&rsquo;approche holistique de notre programme assure une am\u00e9lioration de votre forme physique tout en respectant votre corps. The holistic approach of our program ensures an improvement in your physical condition while respecting your body.<\/p>\n<h2>Un Engagement Vers le Succ\u00e8s<\/h2>\n<p>Avec le programme BEGINNER d\u2019AGON101\u00ae, vous ne serez jamais seul(e). Vous trouverez une communaut\u00e9 de soutien, des conseils d&rsquo;experts et des encouragements constants pour vous guider \u00e0 chaque \u00e9tape de votre parcours. Votre r\u00e9ussite est notre mission, et nous nous engageons \u00e0 vous fournir tous les outils n\u00e9cessaires pour atteindre et m\u00eame d\u00e9passer vos objectifs.<\/p>\n<p>Pr\u00e9parez-vous \u00e0 transformer votre vie avec le Programme BEGINNER d\u2019AGON101\u00ae. Ensemble, nous pouvons atteindre l&rsquo;impossible.<\/p>\n","protected":false},"excerpt":{"rendered":"<p><span style=\"font-weight: 400;\">Que votre objectif soit une transformation physique ou simplement une am\u00e9lioration de votre condition g\u00e9n\u00e9rale, le programme BEGINNER d\u2019AGON101\u00ae est votre premi\u00e8re \u00e9tape vers un vous plus fort, en meilleure sant\u00e9 et plus confiant. Con\u00e7u par un expert en pr\u00e9paration physique, il propose une approche compl\u00e8te, ax\u00e9e sur le d\u00e9veloppement de tout le corps avec des exercices qui renforcent vos bases et vous mettent au d\u00e9fi au fur et \u00e0 mesure de votre progression. Avec des conseils d&rsquo;experts le programme BEGINNER offre une transformation r\u00e9ussie et durable <\/span><span style=\"font-weight: 400;\">.<\/span><\/p>\n","protected":false},"featured_media":1279,"template":"","meta":{"_acf_changed":false},"product_brand":[],"product_cat":[34,33],"product_tag":[],"class_list":{"0":"post-1490","1":"product","2":"type-product","3":"status-publish","4":"has-post-thumbnail","6":"product_cat-fitness-fr","7":"product_cat-programmes","9":"first","10":"instock","11":"downloadable","12":"virtual","13":"purchasable","14":"product-type-simple"},"acf":[],"_links":{"self":[{"href":"https:\/\/agon-101.com\/fr\/wp-json\/wp\/v2\/product\/1490","targetHints":{"allow":["GET"]}}],"collection":[{"href":"https:\/\/agon-101.com\/fr\/wp-json\/wp\/v2\/product"}],"about":[{"href":"https:\/\/agon-101.com\/fr\/wp-json\/wp\/v2\/types\/product"}],"wp:featuredmedia":[{"embeddable":true,"href":"https:\/\/agon-101.com\/fr\/wp-json\/wp\/v2\/media\/1279"}],"wp:attachment":[{"href":"https:\/\/agon-101.com\/fr\/wp-json\/wp\/v2\/media?parent=1490"}],"wp:term":[{"taxonomy":"product_brand","embeddable":true,"href":"https:\/\/agon-101.com\/fr\/wp-json\/wp\/v2\/product_brand?post=1490"},{"taxonomy":"product_cat","embeddable":true,"href":"https:\/\/agon-101.com\/fr\/wp-json\/wp\/v2\/product_cat?post=1490"},{"taxonomy":"product_tag","embeddable":true,"href":"https:\/\/agon-101.com\/fr\/wp-json\/wp\/v2\/product_tag?post=1490"}],"curies":[{"name":"wp","href":"https:\/\/api.w.org\/{rel}","templated":true}]}}