{"id":1477,"date":"2023-12-14T17:20:14","date_gmt":"2023-12-14T17:20:14","guid":{"rendered":"https:\/\/agon-101.com\/conditions-de-remboursement\/"},"modified":"2024-05-20T16:57:22","modified_gmt":"2024-05-20T16:57:22","slug":"conditions-de-remboursement","status":"publish","type":"page","link":"https:\/\/agon-101.com\/fr\/conditions-de-remboursement\/","title":{"rendered":"Conditions de Remboursement"},"content":{"rendered":"\n<h2 class=\"wp-block-heading\">POLITIQUE DE RETOUR DES \u00c9QUIPEMENTS D&rsquo;ENTRAINEMENT<\/h2>\n\n<p class=\"t-justify\">Chez AGON101, nous soutenons nos produits \u00e0 100 %. Nous offrons une garantie de satisfaction de 30 jours, 100 % satisfait ou rembours\u00e9, sur tout le mat\u00e9riel d&rsquo;entra\u00eenement. Si vous n&rsquo;\u00eates pas satisfait de votre produit AGON101, ne vous inqui\u00e9tez pas, renvoyez-le pour un \u00e9change ou un remboursement. C&rsquo;est aussi simple que cela.<\/p>\n\n<h2 class=\"wp-block-heading\">PROGRAMMES DE FORMATION POLITIQUE DE RETOUR<\/h2>\n\n<p class=\"t-justify\">En raison de la nature de nos t\u00e9l\u00e9chargements de programmes de formation instantan\u00e9s, tous les programmes de formation sont des ventes finales et ne peuvent \u00eatre rembours\u00e9s.<\/p>\n","protected":false},"excerpt":{"rendered":"<p>POLITIQUE DE RETOUR DES \u00c9QUIPEMENTS D&rsquo;ENTRAINEMENT Chez AGON101, nous soutenons nos produits \u00e0 100 %. Nous offrons une garantie de satisfaction de 30 jours, 100 % satisfait ou rembours\u00e9, sur tout le mat\u00e9riel d&rsquo;entra\u00eenement. Si vous n&rsquo;\u00eates pas satisfait de votre produit AGON101, ne vous inqui\u00e9tez pas, renvoyez-le pour un \u00e9change ou un remboursement. C&rsquo;est [&hellip;]<\/p>\n","protected":false},"author":4,"featured_media":0,"parent":0,"menu_order":0,"comment_status":"closed","ping_status":"closed","template":"legal","meta":{"_acf_changed":false,"footnotes":""},"class_list":["post-1477","page","type-page","status-publish","hentry"],"acf":[],"_links":{"self":[{"href":"https:\/\/agon-101.com\/fr\/wp-json\/wp\/v2\/pages\/1477","targetHints":{"allow":["GET"]}}],"collection":[{"href":"https:\/\/agon-101.com\/fr\/wp-json\/wp\/v2\/pages"}],"about":[{"href":"https:\/\/agon-101.com\/fr\/wp-json\/wp\/v2\/types\/page"}],"author":[{"embeddable":true,"href":"https:\/\/agon-101.com\/fr\/wp-json\/wp\/v2\/users\/4"}],"replies":[{"embeddable":true,"href":"https:\/\/agon-101.com\/fr\/wp-json\/wp\/v2\/comments?post=1477"}],"version-history":[{"count":3,"href":"https:\/\/agon-101.com\/fr\/wp-json\/wp\/v2\/pages\/1477\/revisions"}],"predecessor-version":[{"id":1482,"href":"https:\/\/agon-101.com\/fr\/wp-json\/wp\/v2\/pages\/1477\/revisions\/1482"}],"wp:attachment":[{"href":"https:\/\/agon-101.com\/fr\/wp-json\/wp\/v2\/media?parent=1477"}],"curies":[{"name":"wp","href":"https:\/\/api.w.org\/{rel}","templated":true}]}}